{"id":38,"date":"2025-12-09T12:52:17","date_gmt":"2025-12-09T12:52:17","guid":{"rendered":"https:\/\/portal.languagevip.net\/?page_id=38"},"modified":"2025-12-16T18:32:08","modified_gmt":"2025-12-16T18:32:08","slug":"contactos","status":"publish","type":"page","link":"https:\/\/portal.languagevip.net\/?page_id=38","title":{"rendered":"CONTACTOS"},"content":{"rendered":"\n<p><strong><mark style=\"background-color:rgba(0, 0, 0, 0)\" class=\"has-inline-color has-luminous-vivid-orange-color\">SERVI\u00c7OS DE ATENDIMENTO AO P\u00daBLICO<\/mark><\/strong><\/p>\n\n\n\n<p>(2.\u00aa a 6.\u00aa feira das 09:00 &#8211; 13:00 e das 14:00 &#8211; 19:00 H)<\/p>\n\n\n\n<p>Avenida Rio de Janeiro, n\u00ba 27 C<\/p>\n\n\n\n<p>1700-336 Lisboa | UE &#8211; Portugal<\/p>\n\n\n\n<p>Tel. <strong>+351.214.001.788<\/strong><\/p>\n\n\n\n<p>E-mail<\/p>\n\n\n\n<p>          <strong>FORMA\u00c7\u00c3O<\/strong>&nbsp; &nbsp; <strong><a href=\"mailto:training@languagevip.net\">training@languagevip.net<\/a><\/strong><\/p>\n\n\n\n<p>          <strong>TRADU\u00c7\u00c3O<\/strong>&nbsp; &nbsp; <strong><a href=\"mailto:translating@languagevip.net\">translating@languagevip.net<\/a><\/strong><\/p>\n\n\n\n<p>(or\u00e7amentos gr\u00e1tis em 24H)<\/p>\n\n\n\n<p><strong>GERAL<\/strong>\u00a0 \u00a0<a href=\"mailto:info@perfilcriativo.net\"><strong>info@perfilcriativo.net<\/strong><\/a><\/p>\n\n\n\n<p><\/p>\n","protected":false},"excerpt":{"rendered":"<p>SERVI\u00c7OS DE ATENDIMENTO AO P\u00daBLICO (2.\u00aa a 6.\u00aa feira das 09:00 &#8211; 13:00 e das 14:00 &#8211; 19:00 H) Avenida Rio de Janeiro, n\u00ba 27 C 1700-336 Lisboa | UE &#8211; Portugal Tel. +351.214.001.788 E-mail FORMA\u00c7\u00c3O&nbsp; &nbsp; training@languagevip.net TRADU\u00c7\u00c3O&nbsp; &nbsp; translating@languagevip.net (or\u00e7amentos gr\u00e1tis em 24H) GERAL\u00a0 \u00a0info@perfilcriativo.net<\/p>\n","protected":false},"author":1,"featured_media":0,"parent":0,"menu_order":0,"comment_status":"closed","ping_status":"closed","template":"template\/template-contact-3.php","meta":{"footnotes":""},"class_list":["post-38","page","type-page","status-publish","hentry"],"yoast_head":"<!-- This site is optimized with the Yoast SEO plugin v26.9 - https:\/\/yoast.com\/product\/yoast-seo-wordpress\/ -->\n<title>CONTACTOS - LanguageVIP - TRAINING &amp; TRANSLATING<\/title>\n<meta name=\"robots\" content=\"index, follow, max-snippet:-1, max-image-preview:large, max-video-preview:-1\" \/>\n<link rel=\"canonical\" href=\"https:\/\/portal.languagevip.net\/?page_id=38\" \/>\n<meta property=\"og:locale\" content=\"pt_PT\" \/>\n<meta property=\"og:type\" content=\"article\" \/>\n<meta property=\"og:title\" content=\"CONTACTOS - LanguageVIP - TRAINING &amp; TRANSLATING\" \/>\n<meta property=\"og:description\" content=\"SERVI\u00c7OS DE ATENDIMENTO AO P\u00daBLICO (2.\u00aa a 6.\u00aa feira das 09:00 &#8211; 13:00 e das 14:00 &#8211; 19:00 H) Avenida Rio de Janeiro, n\u00ba 27 C 1700-336 Lisboa | UE &#8211; Portugal Tel. +351.214.001.788 E-mail FORMA\u00c7\u00c3O&nbsp; &nbsp; training@languagevip.net TRADU\u00c7\u00c3O&nbsp; &nbsp; translating@languagevip.net (or\u00e7amentos gr\u00e1tis em 24H) GERAL\u00a0 \u00a0info@perfilcriativo.net\" \/>\n<meta property=\"og:url\" content=\"https:\/\/portal.languagevip.net\/?page_id=38\" \/>\n<meta property=\"og:site_name\" content=\"LanguageVIP - TRAINING &amp; TRANSLATING\" \/>\n<meta property=\"article:modified_time\" content=\"2025-12-16T18:32:08+00:00\" \/>\n<meta name=\"twitter:card\" content=\"summary_large_image\" \/>\n<meta name=\"twitter:label1\" content=\"Tempo estimado de leitura\" \/>\n\t<meta name=\"twitter:data1\" content=\"1 minuto\" \/>\n<script type=\"application\/ld+json\" class=\"yoast-schema-graph\">{\"@context\":\"https:\/\/schema.org\",\"@graph\":[{\"@type\":\"WebPage\",\"@id\":\"https:\/\/portal.languagevip.net\/?page_id=38\",\"url\":\"https:\/\/portal.languagevip.net\/?page_id=38\",\"name\":\"CONTACTOS - LanguageVIP - TRAINING &amp; TRANSLATING\",\"isPartOf\":{\"@id\":\"https:\/\/portal.languagevip.net\/#website\"},\"datePublished\":\"2025-12-09T12:52:17+00:00\",\"dateModified\":\"2025-12-16T18:32:08+00:00\",\"breadcrumb\":{\"@id\":\"https:\/\/portal.languagevip.net\/?page_id=38#breadcrumb\"},\"inLanguage\":\"pt-PT\",\"potentialAction\":[{\"@type\":\"ReadAction\",\"target\":[\"https:\/\/portal.languagevip.net\/?page_id=38\"]}]},{\"@type\":\"BreadcrumbList\",\"@id\":\"https:\/\/portal.languagevip.net\/?page_id=38#breadcrumb\",\"itemListElement\":[{\"@type\":\"ListItem\",\"position\":1,\"name\":\"Home\",\"item\":\"https:\/\/portal.languagevip.net\/\"},{\"@type\":\"ListItem\",\"position\":2,\"name\":\"CONTACTOS\"}]},{\"@type\":\"WebSite\",\"@id\":\"https:\/\/portal.languagevip.net\/#website\",\"url\":\"https:\/\/portal.languagevip.net\/\",\"name\":\"LanguageVIP - TRAINING &amp; TRANSLATING\",\"description\":\"&quot;A l\u00edngua\u2026 \u00e9 uma ponte  que te permite atravessar  com seguran\u00e7a de um lugar  para o outro.&quot;\",\"potentialAction\":[{\"@type\":\"SearchAction\",\"target\":{\"@type\":\"EntryPoint\",\"urlTemplate\":\"https:\/\/portal.languagevip.net\/?s={search_term_string}\"},\"query-input\":{\"@type\":\"PropertyValueSpecification\",\"valueRequired\":true,\"valueName\":\"search_term_string\"}}],\"inLanguage\":\"pt-PT\"}]}<\/script>\n<!-- \/ Yoast SEO plugin. -->","yoast_head_json":{"title":"CONTACTOS - LanguageVIP - TRAINING &amp; TRANSLATING","robots":{"index":"index","follow":"follow","max-snippet":"max-snippet:-1","max-image-preview":"max-image-preview:large","max-video-preview":"max-video-preview:-1"},"canonical":"https:\/\/portal.languagevip.net\/?page_id=38","og_locale":"pt_PT","og_type":"article","og_title":"CONTACTOS - LanguageVIP - TRAINING &amp; TRANSLATING","og_description":"SERVI\u00c7OS DE ATENDIMENTO AO P\u00daBLICO (2.\u00aa a 6.\u00aa feira das 09:00 &#8211; 13:00 e das 14:00 &#8211; 19:00 H) Avenida Rio de Janeiro, n\u00ba 27 C 1700-336 Lisboa | UE &#8211; Portugal Tel. +351.214.001.788 E-mail FORMA\u00c7\u00c3O&nbsp; &nbsp; training@languagevip.net TRADU\u00c7\u00c3O&nbsp; &nbsp; translating@languagevip.net (or\u00e7amentos gr\u00e1tis em 24H) GERAL\u00a0 \u00a0info@perfilcriativo.net","og_url":"https:\/\/portal.languagevip.net\/?page_id=38","og_site_name":"LanguageVIP - TRAINING &amp; TRANSLATING","article_modified_time":"2025-12-16T18:32:08+00:00","twitter_card":"summary_large_image","twitter_misc":{"Tempo estimado de leitura":"1 minuto"},"schema":{"@context":"https:\/\/schema.org","@graph":[{"@type":"WebPage","@id":"https:\/\/portal.languagevip.net\/?page_id=38","url":"https:\/\/portal.languagevip.net\/?page_id=38","name":"CONTACTOS - LanguageVIP - TRAINING &amp; TRANSLATING","isPartOf":{"@id":"https:\/\/portal.languagevip.net\/#website"},"datePublished":"2025-12-09T12:52:17+00:00","dateModified":"2025-12-16T18:32:08+00:00","breadcrumb":{"@id":"https:\/\/portal.languagevip.net\/?page_id=38#breadcrumb"},"inLanguage":"pt-PT","potentialAction":[{"@type":"ReadAction","target":["https:\/\/portal.languagevip.net\/?page_id=38"]}]},{"@type":"BreadcrumbList","@id":"https:\/\/portal.languagevip.net\/?page_id=38#breadcrumb","itemListElement":[{"@type":"ListItem","position":1,"name":"Home","item":"https:\/\/portal.languagevip.net\/"},{"@type":"ListItem","position":2,"name":"CONTACTOS"}]},{"@type":"WebSite","@id":"https:\/\/portal.languagevip.net\/#website","url":"https:\/\/portal.languagevip.net\/","name":"LanguageVIP - TRAINING &amp; TRANSLATING","description":"&quot;A l\u00edngua\u2026 \u00e9 uma ponte  que te permite atravessar  com seguran\u00e7a de um lugar  para o outro.&quot;","potentialAction":[{"@type":"SearchAction","target":{"@type":"EntryPoint","urlTemplate":"https:\/\/portal.languagevip.net\/?s={search_term_string}"},"query-input":{"@type":"PropertyValueSpecification","valueRequired":true,"valueName":"search_term_string"}}],"inLanguage":"pt-PT"}]}},"_links":{"self":[{"href":"https:\/\/portal.languagevip.net\/index.php?rest_route=\/wp\/v2\/pages\/38","targetHints":{"allow":["GET"]}}],"collection":[{"href":"https:\/\/portal.languagevip.net\/index.php?rest_route=\/wp\/v2\/pages"}],"about":[{"href":"https:\/\/portal.languagevip.net\/index.php?rest_route=\/wp\/v2\/types\/page"}],"author":[{"embeddable":true,"href":"https:\/\/portal.languagevip.net\/index.php?rest_route=\/wp\/v2\/users\/1"}],"replies":[{"embeddable":true,"href":"https:\/\/portal.languagevip.net\/index.php?rest_route=%2Fwp%2Fv2%2Fcomments&post=38"}],"version-history":[{"count":4,"href":"https:\/\/portal.languagevip.net\/index.php?rest_route=\/wp\/v2\/pages\/38\/revisions"}],"predecessor-version":[{"id":102,"href":"https:\/\/portal.languagevip.net\/index.php?rest_route=\/wp\/v2\/pages\/38\/revisions\/102"}],"wp:attachment":[{"href":"https:\/\/portal.languagevip.net\/index.php?rest_route=%2Fwp%2Fv2%2Fmedia&parent=38"}],"curies":[{"name":"wp","href":"https:\/\/api.w.org\/{rel}","templated":true}]}}