{"id":34,"date":"2025-12-09T11:52:30","date_gmt":"2025-12-09T11:52:30","guid":{"rendered":"https:\/\/portal.languagevip.net\/?page_id=34"},"modified":"2025-12-16T17:45:16","modified_gmt":"2025-12-16T17:45:16","slug":"traducao","status":"publish","type":"page","link":"https:\/\/portal.languagevip.net\/?page_id=34","title":{"rendered":"TRADU\u00c7\u00c3O"},"content":{"rendered":"\n<p>A LanguageVIP-TRANSLATING disp\u00f5e de tradutores e int\u00e9rpretes para todas as \u00e1reas, nas l\u00ednguas europeias mais comuns. Analisamos a documenta\u00e7\u00e3o sujeita \u00e0 tradu\u00e7\u00e3o para efeitos de c\u00e1lculos exatos dos custos envolvidos.<\/p>\n\n\n\n<p>Cumprimos os prazos estabelecidos sem custos adicionais de taxas de urg\u00eancia.&nbsp;<\/p>\n\n\n\n<p>Consulte tamb\u00e9m os nossos servi\u00e7os de Design e Produ\u00e7\u00e3o Gr\u00e1fica, para melhoria da imagem dos seus documentos.<\/p>\n\n\n\n<h2 class=\"wp-block-heading\">Acordo Ortogr\u00e1fico. Revis\u00e3o e Atualiza\u00e7\u00e3o de Textos<\/h2>\n\n\n\n<p>Promova os seus servi\u00e7os sem limita\u00e7\u00f5es lingu\u00edsticas. Adaptamos a sua informa\u00e7\u00e3o \u00e0 nova ortografia, fornecendo simultaneamente uma revis\u00e3o de texto.<\/p>\n\n\n\n<h2 class=\"wp-block-heading\">Tradu\u00e7\u00f5es Gerais e T\u00e9cnicas; Tradu\u00e7\u00e3o de Websites<\/h2>\n\n\n\n<p>Assumimo-nos como parceiros dos nossos clientes, mantendo um di\u00e1logo de consulta para que o resultado final seja permanentemente satisfat\u00f3rio.<\/p>\n\n\n\n<p>O feedback sobre os nossos servi\u00e7os torna-se precioso para o controlo da nossa qualidade e do nosso investimento na melhoria continua.<\/p>\n","protected":false},"excerpt":{"rendered":"<p>A LanguageVIP-TRANSLATING disp\u00f5e de tradutores e int\u00e9rpretes para todas as \u00e1reas, nas l\u00ednguas europeias mais comuns. Analisamos a documenta\u00e7\u00e3o sujeita \u00e0 tradu\u00e7\u00e3o para efeitos de c\u00e1lculos exatos dos custos envolvidos. Cumprimos os prazos estabelecidos sem custos adicionais de taxas de urg\u00eancia.&nbsp; Consulte tamb\u00e9m os nossos servi\u00e7os de Design e Produ\u00e7\u00e3o Gr\u00e1fica, para melhoria da imagem [&hellip;]<\/p>\n","protected":false},"author":1,"featured_media":0,"parent":0,"menu_order":0,"comment_status":"closed","ping_status":"closed","template":"template\/template-about.php","meta":{"footnotes":""},"class_list":["post-34","page","type-page","status-publish","hentry"],"yoast_head":"<!-- This site is optimized with the Yoast SEO plugin v26.9 - https:\/\/yoast.com\/product\/yoast-seo-wordpress\/ -->\n<title>TRADU\u00c7\u00c3O - LanguageVIP - TRAINING &amp; TRANSLATING<\/title>\n<meta name=\"robots\" content=\"index, follow, max-snippet:-1, max-image-preview:large, max-video-preview:-1\" \/>\n<link rel=\"canonical\" href=\"https:\/\/portal.languagevip.net\/?page_id=34\" \/>\n<meta property=\"og:locale\" content=\"pt_PT\" \/>\n<meta property=\"og:type\" content=\"article\" \/>\n<meta property=\"og:title\" content=\"TRADU\u00c7\u00c3O - LanguageVIP - TRAINING &amp; TRANSLATING\" \/>\n<meta property=\"og:description\" content=\"A LanguageVIP-TRANSLATING disp\u00f5e de tradutores e int\u00e9rpretes para todas as \u00e1reas, nas l\u00ednguas europeias mais comuns. Analisamos a documenta\u00e7\u00e3o sujeita \u00e0 tradu\u00e7\u00e3o para efeitos de c\u00e1lculos exatos dos custos envolvidos. Cumprimos os prazos estabelecidos sem custos adicionais de taxas de urg\u00eancia.&nbsp; Consulte tamb\u00e9m os nossos servi\u00e7os de Design e Produ\u00e7\u00e3o Gr\u00e1fica, para melhoria da imagem [&hellip;]\" \/>\n<meta property=\"og:url\" content=\"https:\/\/portal.languagevip.net\/?page_id=34\" \/>\n<meta property=\"og:site_name\" content=\"LanguageVIP - TRAINING &amp; TRANSLATING\" \/>\n<meta property=\"article:modified_time\" content=\"2025-12-16T17:45:16+00:00\" \/>\n<meta name=\"twitter:card\" content=\"summary_large_image\" \/>\n<meta name=\"twitter:label1\" content=\"Tempo estimado de leitura\" \/>\n\t<meta name=\"twitter:data1\" content=\"1 minuto\" \/>\n<script type=\"application\/ld+json\" class=\"yoast-schema-graph\">{\"@context\":\"https:\/\/schema.org\",\"@graph\":[{\"@type\":\"WebPage\",\"@id\":\"https:\/\/portal.languagevip.net\/?page_id=34\",\"url\":\"https:\/\/portal.languagevip.net\/?page_id=34\",\"name\":\"TRADU\u00c7\u00c3O - LanguageVIP - TRAINING &amp; TRANSLATING\",\"isPartOf\":{\"@id\":\"https:\/\/portal.languagevip.net\/#website\"},\"datePublished\":\"2025-12-09T11:52:30+00:00\",\"dateModified\":\"2025-12-16T17:45:16+00:00\",\"breadcrumb\":{\"@id\":\"https:\/\/portal.languagevip.net\/?page_id=34#breadcrumb\"},\"inLanguage\":\"pt-PT\",\"potentialAction\":[{\"@type\":\"ReadAction\",\"target\":[\"https:\/\/portal.languagevip.net\/?page_id=34\"]}]},{\"@type\":\"BreadcrumbList\",\"@id\":\"https:\/\/portal.languagevip.net\/?page_id=34#breadcrumb\",\"itemListElement\":[{\"@type\":\"ListItem\",\"position\":1,\"name\":\"Home\",\"item\":\"https:\/\/portal.languagevip.net\/\"},{\"@type\":\"ListItem\",\"position\":2,\"name\":\"TRADU\u00c7\u00c3O\"}]},{\"@type\":\"WebSite\",\"@id\":\"https:\/\/portal.languagevip.net\/#website\",\"url\":\"https:\/\/portal.languagevip.net\/\",\"name\":\"LanguageVIP - TRAINING &amp; TRANSLATING\",\"description\":\"&quot;A l\u00edngua\u2026 \u00e9 uma ponte  que te permite atravessar  com seguran\u00e7a de um lugar  para o outro.&quot;\",\"potentialAction\":[{\"@type\":\"SearchAction\",\"target\":{\"@type\":\"EntryPoint\",\"urlTemplate\":\"https:\/\/portal.languagevip.net\/?s={search_term_string}\"},\"query-input\":{\"@type\":\"PropertyValueSpecification\",\"valueRequired\":true,\"valueName\":\"search_term_string\"}}],\"inLanguage\":\"pt-PT\"}]}<\/script>\n<!-- \/ Yoast SEO plugin. -->","yoast_head_json":{"title":"TRADU\u00c7\u00c3O - LanguageVIP - TRAINING &amp; TRANSLATING","robots":{"index":"index","follow":"follow","max-snippet":"max-snippet:-1","max-image-preview":"max-image-preview:large","max-video-preview":"max-video-preview:-1"},"canonical":"https:\/\/portal.languagevip.net\/?page_id=34","og_locale":"pt_PT","og_type":"article","og_title":"TRADU\u00c7\u00c3O - LanguageVIP - TRAINING &amp; TRANSLATING","og_description":"A LanguageVIP-TRANSLATING disp\u00f5e de tradutores e int\u00e9rpretes para todas as \u00e1reas, nas l\u00ednguas europeias mais comuns. Analisamos a documenta\u00e7\u00e3o sujeita \u00e0 tradu\u00e7\u00e3o para efeitos de c\u00e1lculos exatos dos custos envolvidos. Cumprimos os prazos estabelecidos sem custos adicionais de taxas de urg\u00eancia.&nbsp; Consulte tamb\u00e9m os nossos servi\u00e7os de Design e Produ\u00e7\u00e3o Gr\u00e1fica, para melhoria da imagem [&hellip;]","og_url":"https:\/\/portal.languagevip.net\/?page_id=34","og_site_name":"LanguageVIP - TRAINING &amp; TRANSLATING","article_modified_time":"2025-12-16T17:45:16+00:00","twitter_card":"summary_large_image","twitter_misc":{"Tempo estimado de leitura":"1 minuto"},"schema":{"@context":"https:\/\/schema.org","@graph":[{"@type":"WebPage","@id":"https:\/\/portal.languagevip.net\/?page_id=34","url":"https:\/\/portal.languagevip.net\/?page_id=34","name":"TRADU\u00c7\u00c3O - LanguageVIP - TRAINING &amp; TRANSLATING","isPartOf":{"@id":"https:\/\/portal.languagevip.net\/#website"},"datePublished":"2025-12-09T11:52:30+00:00","dateModified":"2025-12-16T17:45:16+00:00","breadcrumb":{"@id":"https:\/\/portal.languagevip.net\/?page_id=34#breadcrumb"},"inLanguage":"pt-PT","potentialAction":[{"@type":"ReadAction","target":["https:\/\/portal.languagevip.net\/?page_id=34"]}]},{"@type":"BreadcrumbList","@id":"https:\/\/portal.languagevip.net\/?page_id=34#breadcrumb","itemListElement":[{"@type":"ListItem","position":1,"name":"Home","item":"https:\/\/portal.languagevip.net\/"},{"@type":"ListItem","position":2,"name":"TRADU\u00c7\u00c3O"}]},{"@type":"WebSite","@id":"https:\/\/portal.languagevip.net\/#website","url":"https:\/\/portal.languagevip.net\/","name":"LanguageVIP - TRAINING &amp; TRANSLATING","description":"&quot;A l\u00edngua\u2026 \u00e9 uma ponte  que te permite atravessar  com seguran\u00e7a de um lugar  para o outro.&quot;","potentialAction":[{"@type":"SearchAction","target":{"@type":"EntryPoint","urlTemplate":"https:\/\/portal.languagevip.net\/?s={search_term_string}"},"query-input":{"@type":"PropertyValueSpecification","valueRequired":true,"valueName":"search_term_string"}}],"inLanguage":"pt-PT"}]}},"_links":{"self":[{"href":"https:\/\/portal.languagevip.net\/index.php?rest_route=\/wp\/v2\/pages\/34","targetHints":{"allow":["GET"]}}],"collection":[{"href":"https:\/\/portal.languagevip.net\/index.php?rest_route=\/wp\/v2\/pages"}],"about":[{"href":"https:\/\/portal.languagevip.net\/index.php?rest_route=\/wp\/v2\/types\/page"}],"author":[{"embeddable":true,"href":"https:\/\/portal.languagevip.net\/index.php?rest_route=\/wp\/v2\/users\/1"}],"replies":[{"embeddable":true,"href":"https:\/\/portal.languagevip.net\/index.php?rest_route=%2Fwp%2Fv2%2Fcomments&post=34"}],"version-history":[{"count":1,"href":"https:\/\/portal.languagevip.net\/index.php?rest_route=\/wp\/v2\/pages\/34\/revisions"}],"predecessor-version":[{"id":35,"href":"https:\/\/portal.languagevip.net\/index.php?rest_route=\/wp\/v2\/pages\/34\/revisions\/35"}],"wp:attachment":[{"href":"https:\/\/portal.languagevip.net\/index.php?rest_route=%2Fwp%2Fv2%2Fmedia&parent=34"}],"curies":[{"name":"wp","href":"https:\/\/api.w.org\/{rel}","templated":true}]}}