{"id":29,"date":"2025-12-09T11:38:15","date_gmt":"2025-12-09T11:38:15","guid":{"rendered":"https:\/\/portal.languagevip.net\/?page_id=29"},"modified":"2025-12-10T11:07:38","modified_gmt":"2025-12-10T11:07:38","slug":"quem-somos","status":"publish","type":"page","link":"https:\/\/portal.languagevip.net\/?page_id=29","title":{"rendered":"QUEM SOMOS"},"content":{"rendered":"\n<p><strong>A nossa filosofia baseia-se em estrat\u00e9gias de ensino pr\u00e1ticas e l\u00fadicas, que nunca perdem de vista:<\/strong><\/p>\n\n\n\n<p><strong>&nbsp;&nbsp; &nbsp; &gt; os objetivos e as necessidades espec\u00edficas do formando<\/strong><\/p>\n\n\n\n<p><strong>&nbsp;&nbsp; &nbsp; &gt; a sua l\u00edngua de origem<\/strong><\/p>\n\n\n\n<p><strong>&nbsp;&nbsp; &nbsp; &gt; a sua realidade socioprofissional<\/strong><\/p>\n\n\n\n<h2 class=\"wp-block-heading\">A nossa equipa<\/h2>\n\n\n\n<p>Dispomos de formadores nativos e bilingues das l\u00ednguas de estudo. A selec\u00e7\u00e3o de cada formador para as ac\u00e7\u00f5es de forma\u00e7\u00e3o tem ainda em conta a sua experi\u00eancia e o seu perfil.<\/p>\n\n\n\n<h2 class=\"wp-block-heading\">Os nossos meios<\/h2>\n\n\n\n<p>&gt; O material pedag\u00f3gico \u00e9 100% personalizado.<\/p>\n\n\n\n<p>&nbsp;&nbsp; &nbsp; &gt; Estrat\u00e9gias baseadas na comunica\u00e7\u00e3o ativa dos formandos.<\/p>\n\n\n\n<p>\u00a0\u00a0 \u00a0 > Atividades de contra-cena role-play, registos em v\u00eddeo, m\u00fasica e multim\u00e9dia fazem parte do mundo criativo das nossas aulas.<\/p>\n\n\n\n<h2 class=\"wp-block-heading\">Enviamos os nossos formadores ao domic\u00edlio para que a forma\u00e7\u00e3o se torne mais vi\u00e1vel<\/h2>\n\n\n\n<p>As nossas ac\u00e7\u00f5es de forma\u00e7\u00e3o abarcam todo o territ\u00f3rio nacional.<\/p>\n\n\n\n<p>Em alternativa, as a\u00e7\u00f5es de forma\u00e7\u00e3o podem ser ministradas no nosso Centro de Forma\u00e7\u00e3o em Alvalade, Lisboa.<\/p>\n","protected":false},"excerpt":{"rendered":"<p>A nossa filosofia baseia-se em estrat\u00e9gias de ensino pr\u00e1ticas e l\u00fadicas, que nunca perdem de vista: &nbsp;&nbsp; &nbsp; &gt; os objetivos e as necessidades espec\u00edficas do formando &nbsp;&nbsp; &nbsp; &gt; a sua l\u00edngua de origem &nbsp;&nbsp; &nbsp; &gt; a sua realidade socioprofissional A nossa equipa Dispomos de formadores nativos e bilingues das l\u00ednguas de estudo. [&hellip;]<\/p>\n","protected":false},"author":1,"featured_media":0,"parent":0,"menu_order":0,"comment_status":"closed","ping_status":"closed","template":"template\/template-about.php","meta":{"footnotes":""},"class_list":["post-29","page","type-page","status-publish","hentry"],"yoast_head":"<!-- This site is optimized with the Yoast SEO plugin v26.9 - https:\/\/yoast.com\/product\/yoast-seo-wordpress\/ -->\n<title>QUEM SOMOS - LanguageVIP - TRAINING &amp; TRANSLATING<\/title>\n<meta name=\"robots\" content=\"index, follow, max-snippet:-1, max-image-preview:large, max-video-preview:-1\" \/>\n<link rel=\"canonical\" href=\"https:\/\/portal.languagevip.net\/?page_id=29\" \/>\n<meta property=\"og:locale\" content=\"pt_PT\" \/>\n<meta property=\"og:type\" content=\"article\" \/>\n<meta property=\"og:title\" content=\"QUEM SOMOS - LanguageVIP - TRAINING &amp; TRANSLATING\" \/>\n<meta property=\"og:description\" content=\"A nossa filosofia baseia-se em estrat\u00e9gias de ensino pr\u00e1ticas e l\u00fadicas, que nunca perdem de vista: &nbsp;&nbsp; &nbsp; &gt; os objetivos e as necessidades espec\u00edficas do formando &nbsp;&nbsp; &nbsp; &gt; a sua l\u00edngua de origem &nbsp;&nbsp; &nbsp; &gt; a sua realidade socioprofissional A nossa equipa Dispomos de formadores nativos e bilingues das l\u00ednguas de estudo. [&hellip;]\" \/>\n<meta property=\"og:url\" content=\"https:\/\/portal.languagevip.net\/?page_id=29\" \/>\n<meta property=\"og:site_name\" content=\"LanguageVIP - TRAINING &amp; TRANSLATING\" \/>\n<meta property=\"article:modified_time\" content=\"2025-12-10T11:07:38+00:00\" \/>\n<meta name=\"twitter:card\" content=\"summary_large_image\" \/>\n<meta name=\"twitter:label1\" content=\"Tempo estimado de leitura\" \/>\n\t<meta name=\"twitter:data1\" content=\"1 minuto\" \/>\n<script type=\"application\/ld+json\" class=\"yoast-schema-graph\">{\"@context\":\"https:\/\/schema.org\",\"@graph\":[{\"@type\":\"WebPage\",\"@id\":\"https:\/\/portal.languagevip.net\/?page_id=29\",\"url\":\"https:\/\/portal.languagevip.net\/?page_id=29\",\"name\":\"QUEM SOMOS - LanguageVIP - TRAINING &amp; TRANSLATING\",\"isPartOf\":{\"@id\":\"https:\/\/portal.languagevip.net\/#website\"},\"datePublished\":\"2025-12-09T11:38:15+00:00\",\"dateModified\":\"2025-12-10T11:07:38+00:00\",\"breadcrumb\":{\"@id\":\"https:\/\/portal.languagevip.net\/?page_id=29#breadcrumb\"},\"inLanguage\":\"pt-PT\",\"potentialAction\":[{\"@type\":\"ReadAction\",\"target\":[\"https:\/\/portal.languagevip.net\/?page_id=29\"]}]},{\"@type\":\"BreadcrumbList\",\"@id\":\"https:\/\/portal.languagevip.net\/?page_id=29#breadcrumb\",\"itemListElement\":[{\"@type\":\"ListItem\",\"position\":1,\"name\":\"Home\",\"item\":\"https:\/\/portal.languagevip.net\/\"},{\"@type\":\"ListItem\",\"position\":2,\"name\":\"QUEM SOMOS\"}]},{\"@type\":\"WebSite\",\"@id\":\"https:\/\/portal.languagevip.net\/#website\",\"url\":\"https:\/\/portal.languagevip.net\/\",\"name\":\"LanguageVIP - TRAINING &amp; TRANSLATING\",\"description\":\"&quot;A l\u00edngua\u2026 \u00e9 uma ponte  que te permite atravessar  com seguran\u00e7a de um lugar  para o outro.&quot;\",\"potentialAction\":[{\"@type\":\"SearchAction\",\"target\":{\"@type\":\"EntryPoint\",\"urlTemplate\":\"https:\/\/portal.languagevip.net\/?s={search_term_string}\"},\"query-input\":{\"@type\":\"PropertyValueSpecification\",\"valueRequired\":true,\"valueName\":\"search_term_string\"}}],\"inLanguage\":\"pt-PT\"}]}<\/script>\n<!-- \/ Yoast SEO plugin. -->","yoast_head_json":{"title":"QUEM SOMOS - LanguageVIP - TRAINING &amp; TRANSLATING","robots":{"index":"index","follow":"follow","max-snippet":"max-snippet:-1","max-image-preview":"max-image-preview:large","max-video-preview":"max-video-preview:-1"},"canonical":"https:\/\/portal.languagevip.net\/?page_id=29","og_locale":"pt_PT","og_type":"article","og_title":"QUEM SOMOS - LanguageVIP - TRAINING &amp; TRANSLATING","og_description":"A nossa filosofia baseia-se em estrat\u00e9gias de ensino pr\u00e1ticas e l\u00fadicas, que nunca perdem de vista: &nbsp;&nbsp; &nbsp; &gt; os objetivos e as necessidades espec\u00edficas do formando &nbsp;&nbsp; &nbsp; &gt; a sua l\u00edngua de origem &nbsp;&nbsp; &nbsp; &gt; a sua realidade socioprofissional A nossa equipa Dispomos de formadores nativos e bilingues das l\u00ednguas de estudo. [&hellip;]","og_url":"https:\/\/portal.languagevip.net\/?page_id=29","og_site_name":"LanguageVIP - TRAINING &amp; TRANSLATING","article_modified_time":"2025-12-10T11:07:38+00:00","twitter_card":"summary_large_image","twitter_misc":{"Tempo estimado de leitura":"1 minuto"},"schema":{"@context":"https:\/\/schema.org","@graph":[{"@type":"WebPage","@id":"https:\/\/portal.languagevip.net\/?page_id=29","url":"https:\/\/portal.languagevip.net\/?page_id=29","name":"QUEM SOMOS - LanguageVIP - TRAINING &amp; TRANSLATING","isPartOf":{"@id":"https:\/\/portal.languagevip.net\/#website"},"datePublished":"2025-12-09T11:38:15+00:00","dateModified":"2025-12-10T11:07:38+00:00","breadcrumb":{"@id":"https:\/\/portal.languagevip.net\/?page_id=29#breadcrumb"},"inLanguage":"pt-PT","potentialAction":[{"@type":"ReadAction","target":["https:\/\/portal.languagevip.net\/?page_id=29"]}]},{"@type":"BreadcrumbList","@id":"https:\/\/portal.languagevip.net\/?page_id=29#breadcrumb","itemListElement":[{"@type":"ListItem","position":1,"name":"Home","item":"https:\/\/portal.languagevip.net\/"},{"@type":"ListItem","position":2,"name":"QUEM SOMOS"}]},{"@type":"WebSite","@id":"https:\/\/portal.languagevip.net\/#website","url":"https:\/\/portal.languagevip.net\/","name":"LanguageVIP - TRAINING &amp; TRANSLATING","description":"&quot;A l\u00edngua\u2026 \u00e9 uma ponte  que te permite atravessar  com seguran\u00e7a de um lugar  para o outro.&quot;","potentialAction":[{"@type":"SearchAction","target":{"@type":"EntryPoint","urlTemplate":"https:\/\/portal.languagevip.net\/?s={search_term_string}"},"query-input":{"@type":"PropertyValueSpecification","valueRequired":true,"valueName":"search_term_string"}}],"inLanguage":"pt-PT"}]}},"_links":{"self":[{"href":"https:\/\/portal.languagevip.net\/index.php?rest_route=\/wp\/v2\/pages\/29","targetHints":{"allow":["GET"]}}],"collection":[{"href":"https:\/\/portal.languagevip.net\/index.php?rest_route=\/wp\/v2\/pages"}],"about":[{"href":"https:\/\/portal.languagevip.net\/index.php?rest_route=\/wp\/v2\/types\/page"}],"author":[{"embeddable":true,"href":"https:\/\/portal.languagevip.net\/index.php?rest_route=\/wp\/v2\/users\/1"}],"replies":[{"embeddable":true,"href":"https:\/\/portal.languagevip.net\/index.php?rest_route=%2Fwp%2Fv2%2Fcomments&post=29"}],"version-history":[{"count":1,"href":"https:\/\/portal.languagevip.net\/index.php?rest_route=\/wp\/v2\/pages\/29\/revisions"}],"predecessor-version":[{"id":30,"href":"https:\/\/portal.languagevip.net\/index.php?rest_route=\/wp\/v2\/pages\/29\/revisions\/30"}],"wp:attachment":[{"href":"https:\/\/portal.languagevip.net\/index.php?rest_route=%2Fwp%2Fv2%2Fmedia&parent=29"}],"curies":[{"name":"wp","href":"https:\/\/api.w.org\/{rel}","templated":true}]}}