{"id":26,"date":"2025-12-09T11:24:43","date_gmt":"2025-12-09T11:24:43","guid":{"rendered":"https:\/\/portal.languagevip.net\/?page_id=26"},"modified":"2026-02-03T09:21:29","modified_gmt":"2026-02-03T09:21:29","slug":"home","status":"publish","type":"page","link":"https:\/\/portal.languagevip.net\/","title":{"rendered":"HOME"},"content":{"rendered":"\n<h2 class=\"wp-block-heading\">L\u00ednguas: comunica\u00e7\u00e3o sem fronteiras<\/h2>\n\n\n\n<p><strong><em>&#8220;A l\u00edngua\u2026 \u00e9 uma ponte<\/em><\/strong> <strong><em>que te permite atravessar<\/em><\/strong> <strong><em>com seguran\u00e7a de um lugar<\/em><\/strong> <strong><em>para o outro.&#8221;<\/em><\/strong><\/p>\n\n\n\n<p>Num mundo cada vez mais competitivo, a procura de mercados mais abrangentes revela-se, mais cedo ou mais tarde, imperativa.<\/p>\n\n\n\n<p>Independentemente da fun\u00e7\u00e3o profissional de cada indiv\u00edduo, as suas compet\u00eancias, a cada dia que passa, a cada segundo que passa, s\u00e3o constantemente sujeitas a novos desafios, os quais originar\u00e3o um passo no sentido do progresso, da acumula\u00e7\u00e3o de experi\u00eancia, da evolu\u00e7\u00e3o.<\/p>\n\n\n\n<p>Neste processo, torna-se inevit\u00e1vel a comunica\u00e7\u00e3o com terceiros, com vista a um objectivo espec\u00edfico, independentemente de pretendermos transmitir uma mera informa\u00e7\u00e3o ou visarmos convencer algu\u00e9m de uma ideia, uma tarefa, um desejo. E sem saber como, hoje \u00e9 j\u00e1 o futuro em que acabamos por entrar no territ\u00f3rio das palavras que n\u00e3o s\u00e3o nossas, na malha de uma l\u00edngua estrangeira que mais do que regras, nos traz toda uma nova forma de pensamento e de ver o mundo.<\/p>\n\n\n\n<p>Saber a l\u00edngua do outro oferece-nos de m\u00e3o dada uma proximidade dif\u00edcil de conquistar de outra forma.&nbsp;<\/p>\n\n\n\n<p>Saber a l\u00edngua do outro \u00e9 entrar na casa dele e compreender.<\/p>\n\n\n\n<hr class=\"wp-block-separator has-alpha-channel-opacity\"\/>\n\n\n\n<h2 class=\"wp-block-heading\">Entidade formadora certificada pela DGERT <\/h2>\n\n\n\n<p>Entidade formadora certificada pela DGERT nas \u00e1reas de educa\u00e7\u00e3o e forma\u00e7\u00e3o: HUMANIDADES, Linguas e literaturas estrangeiras, Lingua e literatura materna (c\u00f3digo e designa\u00e7\u00e3o das \u00e1reas certificadas, de acordo com a Classifica\u00e7\u00e3o Nacional de \u00c1reas de Educa\u00e7\u00e3o e Forma\u00e7\u00e3o (CNAEF), aprovada pela Portaria n.\u00ba 256\/2005, de 16 de mar\u00e7o).<\/p>\n\n\n\n<figure class=\"wp-block-image size-full\"><img loading=\"lazy\" decoding=\"async\" width=\"224\" height=\"202\" src=\"https:\/\/portal.languagevip.net\/wp-content\/uploads\/2025\/12\/DGERT.jpg\" alt=\"\" class=\"wp-image-57\"\/><\/figure>\n","protected":false},"excerpt":{"rendered":"<p>L\u00ednguas: comunica\u00e7\u00e3o sem fronteiras &#8220;A l\u00edngua\u2026 \u00e9 uma ponte que te permite atravessar com seguran\u00e7a de um lugar para o outro.&#8221; Num mundo cada vez mais competitivo, a procura de mercados mais abrangentes revela-se, mais cedo ou mais tarde, imperativa. Independentemente da fun\u00e7\u00e3o profissional de cada indiv\u00edduo, as suas compet\u00eancias, a cada dia que passa, [&hellip;]<\/p>\n","protected":false},"author":1,"featured_media":0,"parent":0,"menu_order":0,"comment_status":"closed","ping_status":"closed","template":"template\/template-slider-content.php","meta":{"footnotes":""},"class_list":["post-26","page","type-page","status-publish","hentry"],"yoast_head":"<!-- This site is optimized with the Yoast SEO plugin v26.9 - https:\/\/yoast.com\/product\/yoast-seo-wordpress\/ -->\n<title>HOME - LanguageVIP - TRAINING &amp; TRANSLATING<\/title>\n<meta name=\"robots\" content=\"index, follow, max-snippet:-1, max-image-preview:large, max-video-preview:-1\" \/>\n<link rel=\"canonical\" href=\"https:\/\/portal.languagevip.net\/\" \/>\n<meta property=\"og:locale\" content=\"pt_PT\" \/>\n<meta property=\"og:type\" content=\"article\" \/>\n<meta property=\"og:title\" content=\"HOME - LanguageVIP - TRAINING &amp; TRANSLATING\" \/>\n<meta property=\"og:description\" content=\"L\u00ednguas: comunica\u00e7\u00e3o sem fronteiras &#8220;A l\u00edngua\u2026 \u00e9 uma ponte que te permite atravessar com seguran\u00e7a de um lugar para o outro.&#8221; Num mundo cada vez mais competitivo, a procura de mercados mais abrangentes revela-se, mais cedo ou mais tarde, imperativa. Independentemente da fun\u00e7\u00e3o profissional de cada indiv\u00edduo, as suas compet\u00eancias, a cada dia que passa, [&hellip;]\" \/>\n<meta property=\"og:url\" content=\"https:\/\/portal.languagevip.net\/\" \/>\n<meta property=\"og:site_name\" content=\"LanguageVIP - TRAINING &amp; TRANSLATING\" \/>\n<meta property=\"article:modified_time\" content=\"2026-02-03T09:21:29+00:00\" \/>\n<meta property=\"og:image\" content=\"https:\/\/portal.languagevip.net\/wp-content\/uploads\/2025\/12\/DGERT.jpg\" \/>\n\t<meta property=\"og:image:width\" content=\"224\" \/>\n\t<meta property=\"og:image:height\" content=\"202\" \/>\n\t<meta property=\"og:image:type\" content=\"image\/jpeg\" \/>\n<meta name=\"twitter:card\" content=\"summary_large_image\" \/>\n<meta name=\"twitter:label1\" content=\"Tempo estimado de leitura\" \/>\n\t<meta name=\"twitter:data1\" content=\"2 minutos\" \/>\n<script type=\"application\/ld+json\" class=\"yoast-schema-graph\">{\"@context\":\"https:\/\/schema.org\",\"@graph\":[{\"@type\":\"WebPage\",\"@id\":\"https:\/\/portal.languagevip.net\/\",\"url\":\"https:\/\/portal.languagevip.net\/\",\"name\":\"HOME - LanguageVIP - TRAINING &amp; TRANSLATING\",\"isPartOf\":{\"@id\":\"https:\/\/portal.languagevip.net\/#website\"},\"primaryImageOfPage\":{\"@id\":\"https:\/\/portal.languagevip.net\/#primaryimage\"},\"image\":{\"@id\":\"https:\/\/portal.languagevip.net\/#primaryimage\"},\"thumbnailUrl\":\"https:\/\/portal.languagevip.net\/wp-content\/uploads\/2025\/12\/DGERT.jpg\",\"datePublished\":\"2025-12-09T11:24:43+00:00\",\"dateModified\":\"2026-02-03T09:21:29+00:00\",\"breadcrumb\":{\"@id\":\"https:\/\/portal.languagevip.net\/#breadcrumb\"},\"inLanguage\":\"pt-PT\",\"potentialAction\":[{\"@type\":\"ReadAction\",\"target\":[\"https:\/\/portal.languagevip.net\/\"]}]},{\"@type\":\"ImageObject\",\"inLanguage\":\"pt-PT\",\"@id\":\"https:\/\/portal.languagevip.net\/#primaryimage\",\"url\":\"https:\/\/portal.languagevip.net\/wp-content\/uploads\/2025\/12\/DGERT.jpg\",\"contentUrl\":\"https:\/\/portal.languagevip.net\/wp-content\/uploads\/2025\/12\/DGERT.jpg\",\"width\":224,\"height\":202},{\"@type\":\"BreadcrumbList\",\"@id\":\"https:\/\/portal.languagevip.net\/#breadcrumb\",\"itemListElement\":[{\"@type\":\"ListItem\",\"position\":1,\"name\":\"Home\",\"item\":\"https:\/\/portal.languagevip.net\/\"},{\"@type\":\"ListItem\",\"position\":2,\"name\":\"HOME\"}]},{\"@type\":\"WebSite\",\"@id\":\"https:\/\/portal.languagevip.net\/#website\",\"url\":\"https:\/\/portal.languagevip.net\/\",\"name\":\"LanguageVIP - TRAINING &amp; TRANSLATING\",\"description\":\"&quot;A l\u00edngua\u2026 \u00e9 uma ponte  que te permite atravessar  com seguran\u00e7a de um lugar  para o outro.&quot;\",\"potentialAction\":[{\"@type\":\"SearchAction\",\"target\":{\"@type\":\"EntryPoint\",\"urlTemplate\":\"https:\/\/portal.languagevip.net\/?s={search_term_string}\"},\"query-input\":{\"@type\":\"PropertyValueSpecification\",\"valueRequired\":true,\"valueName\":\"search_term_string\"}}],\"inLanguage\":\"pt-PT\"}]}<\/script>\n<!-- \/ Yoast SEO plugin. -->","yoast_head_json":{"title":"HOME - LanguageVIP - TRAINING &amp; TRANSLATING","robots":{"index":"index","follow":"follow","max-snippet":"max-snippet:-1","max-image-preview":"max-image-preview:large","max-video-preview":"max-video-preview:-1"},"canonical":"https:\/\/portal.languagevip.net\/","og_locale":"pt_PT","og_type":"article","og_title":"HOME - LanguageVIP - TRAINING &amp; TRANSLATING","og_description":"L\u00ednguas: comunica\u00e7\u00e3o sem fronteiras &#8220;A l\u00edngua\u2026 \u00e9 uma ponte que te permite atravessar com seguran\u00e7a de um lugar para o outro.&#8221; Num mundo cada vez mais competitivo, a procura de mercados mais abrangentes revela-se, mais cedo ou mais tarde, imperativa. Independentemente da fun\u00e7\u00e3o profissional de cada indiv\u00edduo, as suas compet\u00eancias, a cada dia que passa, [&hellip;]","og_url":"https:\/\/portal.languagevip.net\/","og_site_name":"LanguageVIP - TRAINING &amp; TRANSLATING","article_modified_time":"2026-02-03T09:21:29+00:00","og_image":[{"width":224,"height":202,"url":"https:\/\/portal.languagevip.net\/wp-content\/uploads\/2025\/12\/DGERT.jpg","type":"image\/jpeg"}],"twitter_card":"summary_large_image","twitter_misc":{"Tempo estimado de leitura":"2 minutos"},"schema":{"@context":"https:\/\/schema.org","@graph":[{"@type":"WebPage","@id":"https:\/\/portal.languagevip.net\/","url":"https:\/\/portal.languagevip.net\/","name":"HOME - LanguageVIP - TRAINING &amp; TRANSLATING","isPartOf":{"@id":"https:\/\/portal.languagevip.net\/#website"},"primaryImageOfPage":{"@id":"https:\/\/portal.languagevip.net\/#primaryimage"},"image":{"@id":"https:\/\/portal.languagevip.net\/#primaryimage"},"thumbnailUrl":"https:\/\/portal.languagevip.net\/wp-content\/uploads\/2025\/12\/DGERT.jpg","datePublished":"2025-12-09T11:24:43+00:00","dateModified":"2026-02-03T09:21:29+00:00","breadcrumb":{"@id":"https:\/\/portal.languagevip.net\/#breadcrumb"},"inLanguage":"pt-PT","potentialAction":[{"@type":"ReadAction","target":["https:\/\/portal.languagevip.net\/"]}]},{"@type":"ImageObject","inLanguage":"pt-PT","@id":"https:\/\/portal.languagevip.net\/#primaryimage","url":"https:\/\/portal.languagevip.net\/wp-content\/uploads\/2025\/12\/DGERT.jpg","contentUrl":"https:\/\/portal.languagevip.net\/wp-content\/uploads\/2025\/12\/DGERT.jpg","width":224,"height":202},{"@type":"BreadcrumbList","@id":"https:\/\/portal.languagevip.net\/#breadcrumb","itemListElement":[{"@type":"ListItem","position":1,"name":"Home","item":"https:\/\/portal.languagevip.net\/"},{"@type":"ListItem","position":2,"name":"HOME"}]},{"@type":"WebSite","@id":"https:\/\/portal.languagevip.net\/#website","url":"https:\/\/portal.languagevip.net\/","name":"LanguageVIP - TRAINING &amp; TRANSLATING","description":"&quot;A l\u00edngua\u2026 \u00e9 uma ponte  que te permite atravessar  com seguran\u00e7a de um lugar  para o outro.&quot;","potentialAction":[{"@type":"SearchAction","target":{"@type":"EntryPoint","urlTemplate":"https:\/\/portal.languagevip.net\/?s={search_term_string}"},"query-input":{"@type":"PropertyValueSpecification","valueRequired":true,"valueName":"search_term_string"}}],"inLanguage":"pt-PT"}]}},"_links":{"self":[{"href":"https:\/\/portal.languagevip.net\/index.php?rest_route=\/wp\/v2\/pages\/26","targetHints":{"allow":["GET"]}}],"collection":[{"href":"https:\/\/portal.languagevip.net\/index.php?rest_route=\/wp\/v2\/pages"}],"about":[{"href":"https:\/\/portal.languagevip.net\/index.php?rest_route=\/wp\/v2\/types\/page"}],"author":[{"embeddable":true,"href":"https:\/\/portal.languagevip.net\/index.php?rest_route=\/wp\/v2\/users\/1"}],"replies":[{"embeddable":true,"href":"https:\/\/portal.languagevip.net\/index.php?rest_route=%2Fwp%2Fv2%2Fcomments&post=26"}],"version-history":[{"count":6,"href":"https:\/\/portal.languagevip.net\/index.php?rest_route=\/wp\/v2\/pages\/26\/revisions"}],"predecessor-version":[{"id":117,"href":"https:\/\/portal.languagevip.net\/index.php?rest_route=\/wp\/v2\/pages\/26\/revisions\/117"}],"wp:attachment":[{"href":"https:\/\/portal.languagevip.net\/index.php?rest_route=%2Fwp%2Fv2%2Fmedia&parent=26"}],"curies":[{"name":"wp","href":"https:\/\/api.w.org\/{rel}","templated":true}]}}